{"id":490,"date":"2024-09-05T16:48:56","date_gmt":"2024-09-05T16:48:56","guid":{"rendered":"http:\/\/www.tisiaoutplacement.ch\/?page_id=490"},"modified":"2024-09-05T17:58:40","modified_gmt":"2024-09-05T17:58:40","slug":"das-12-wochen-programm","status":"publish","type":"page","link":"https:\/\/www.tisiaoutplacement.ch\/?page_id=490","title":{"rendered":"Das 12-Wochen Programm"},"content":{"rendered":"\n<h2 class=\"wp-block-heading has-text-align-center\">Das Outplacement Excellence Programm<\/h2>\n\n\n\n<p class=\"has-medium-font-size\">In einer sich st\u00e4ndig ver\u00e4ndernden Arbeitswelt ist eine berufliche Neuorientierung herausfordernd. Unser einzigartiges Excellence Programm unterst\u00fctzt Sie umfassend in Ihrer \u00dcbergangsphase. Unser Programm bietet Ihnen nicht nur fachkundige Beratung und praktische Werkzeuge, sondern auch die notwendige emotionale und mentale Begleitung, um Ihre Karriere erfolgreich fortzusetzen.<\/p>\n\n\n\n<p class=\"has-medium-font-size\">Innert zw\u00f6lf Wochen, mit Master-Classes, pers\u00f6nlichen Gespr\u00e4chen mit unserem Expertenteam sowie individuell angepassten KI-Tools erreichen Sie ein neues Level. Dieses hebt Sie deutlich von Ihren Mitbewerbern um dieselbe Position ab.<\/p>\n\n\n\n<div style=\"height:var(--wp--preset--spacing--small)\" aria-hidden=\"true\" class=\"wp-block-spacer\"><\/div>\n\n\n\n<h2 class=\"wp-block-heading has-text-align-center has-large-font-size\">12 Etappen in 12 Wochen<\/h2>\n\n\n\n<h2 class=\"wp-block-heading has-text-align-center has-medium-font-size\">\u2b50\ufe0f<br>Etappe 1: <br><strong>Programmstart: Standort- und Zielbestimmung<\/strong><\/h2>\n\n\n\n<p>Unsere pers\u00f6nlichen Gespr\u00e4che f\u00fchren Sie in Ihre erste Aufgabe ein: die Standortbestimmung. Diese erf\u00fcllen Sie mit sich selbst und Ihrem Umfeld bis zum zweiten Gespr\u00e4chstermin. Mit einer klaren Standort- und Zielbestimmung planen wir gemeinsam Ihre n\u00e4chsten Schritte.<\/p>\n\n\n\n<p class=\"has-text-align-center\"><strong>Ihr Vorteil: <\/strong><br>Sie erhalten eine fundierte Einsch\u00e4tzung Ihrer aktuellen Situation und klare Ziele, f\u00fcr die Planung Ihrer n\u00e4chsten Karriereschritte.<\/p>\n\n\n\n<h2 class=\"wp-block-heading has-text-align-center\"><br>\u2b50\ufe0f<br>Etappe 2: <br><strong>Entwicklung Personal Brand<\/strong><\/h2>\n\n\n\n<p><em>\u00abDas Geheimnis wirklich starker Personal Brands ist, dass die Menschen dahinter bewusst auf sich selbst setzen und zugleich ganz bei ihren neuen Arbeitgebern sind.\u00bb Dorothee Schr\u00f6der<\/em> Gemeinsam mit unserem Expertenteam erarbeiten Sie sich Ihre individuelle Personal Brand.<\/p>\n\n\n\n<p class=\"has-text-align-center\"><strong>Ihr Vorteil: <\/strong><br>Eine starke Personal Brand macht Sie f\u00fcr potenzielle Arbeitgeber attraktiver und hebt Sie von anderen Bewerbern ab.<br><br>\u2b50\ufe0f <br>Etappe 3: <br><strong>Erstellung, Optimierung topaktueller Bewerbungsunterlagen<\/strong><\/p>\n\n\n\n<p>Lebenslauf und LinkedIn Profil: Erstellung und Optimierung Ihres Lebenslaufs und LinkedIn Profils anhand der Ergebnisse aus Steps 1 und 2.<br>Arbeitszeugnis: Unterst\u00fctzung bei der Zeugnisformulierung, um Ihrem letzten Arbeitgeber bei Bedarf ein optimales Arbeitszeugnis vorschlagen zu k\u00f6nnen.<\/p>\n\n\n\n<p class=\"has-text-align-center\"><strong>Ihr Vorteil: <\/strong><br>Hochwertige und attraktive Bewerbungsunterlagen erh\u00f6hen Ihre Chancen, von Arbeitgebern wahrgenommen und eingeladen zu werden.<br><br>\u2b50\ufe0f <br>Etappe 4: <br><strong>Entwicklung des Personal Career Avatars<\/strong><\/p>\n\n\n\n<p>Gestaltung und Einrichtung: Anhand der vorangegangenen Schritte gestalten und programmieren unsere Experten Ihren Personal Career Avatar. Nutzungsm\u00f6glichkeiten: Mit Hilfe Ihres Personal Career Avatars erstellen Sie in k\u00fcrzester Zeit personalisierte Bewerbungsunterlagen f\u00fcr jede Position. Sie schreiben eindrucksstarke Posts, Kommentare und Nachrichten.<\/p>\n\n\n\n<p class=\"has-text-align-center\"><strong>Ihr Vorteil: <\/strong><br>Ihr individueller Personal Career Avatar sorgt f\u00fcr eine konstante Brand Message, ein unverwechselbares Profil und eine starke Social-Media Pr\u00e4senz.<br><br>\u2b50\ufe0f <br>Etappe 5: <br><strong>Schulung Nutzung Personal Career Avatar, Erstellung LinkedIn Postings mit Plan<\/strong><\/p>\n\n\n\n<p>Einf\u00fchrung und Schulung in die Nutzung Ihres neuen Personal Career Avatars. Posting-Plan: Erstellung einer Strategie f\u00fcr LinkedIn-Post f\u00fcr die kommenden 3 Monate mit Beispielen.<\/p>\n\n\n\n<p class=\"has-text-align-center\"><strong>Ihr Vorteil: <\/strong><br>Mit dem souver\u00e4nen Einsatz Ihres Personal Career Avatars posten Sie auf Social Media effektiv und strategisch, erh\u00f6hen Ihre Sichtbarkeit und gewinnen Aufmerksamkeit.<br><br>\u2b50\ufe0f <br><strong>Etappe 6: <\/strong><br><strong>Emotionskompetenz<\/strong><\/p>\n\n\n\n<p><em>\u00abNutzen Sie Ihren Abschied von Ihrem alten Job zum Vorteil f\u00fcr Ihren Neuanfang!\u00bb Monica Lonoce<\/em>. Gemeinsam mit unserer Expertin Monica Lonoce st\u00e4rken und erweitern Sie Ihre pers\u00f6nliche Emotionskompetenz. Der Workshop basiert auf Modellen aus der Pr\u00e4vention und Gesundheitsf\u00f6rderung und gibt Ihnen praktische Tools an die Hand.<\/p>\n\n\n\n<p class=\"has-text-align-center\"><strong>Ihr Vorteil: <\/strong><br>Gest\u00e4rkte emotionale Kompetenz hilft Ihnen, schwierige Situationen w\u00e4hrend des Bewerbungsprozesses zu meistern und den Umgang mit Druck, Absagen und stressigen Bewerbungssituationen zu verbessern.<br><br>\u2b50\ufe0f <br>Etappe 7: <br><strong>Aktionsplan, Abschlussgespr\u00e4ch und Feier<\/strong><\/p>\n\n\n\n<p>R\u00fcckblick und Reflektion: Gemeinsame Auswertung Ihres Weges durch das Programm, Betrachtung des Gesamtbildes und Beschreibung Ihrer Excellence f\u00fcr den weiteren Weg. Erstellung eines Aktionsplans f\u00fcr Ihre weiteren Schritte nach Abschluss des Tisia Outplacement Excellence Programms.<\/p>\n\n\n\n<p class=\"has-text-align-center\"><strong>Ihr Vorteil: <\/strong><br>Sie haben einen Meilenstein erreicht. Diesen Erfolg feiern wir in einem entspannten Umfeld bei einem Lunch auf den wir Sie gerne einladen.<br> <br>\u2b50\ufe0f <br>Etappe 8: <br><strong>Aktionsplan, Abschlussgespr\u00e4ch und Feier<\/strong><\/p>\n\n\n\n<p>R\u00fcckblick und Reflektion: Gemeinsame Auswertung Ihres Weges durch das Programm, Betrachtung des Gesamtbildes und Beschreibung Ihrer Excellence f\u00fcr den weiteren Weg. Erstellung eines Aktionsplans f\u00fcr Ihre weiteren Schritte nach Abschluss des Tisia Outplacement Excellence Programms.<\/p>\n\n\n\n<p class=\"has-text-align-center\"><strong>Ihr Vorteil: <\/strong><br>Sie haben einen Meilenstein erreicht. Diesen Erfolg feiern wir in einem entspannten Umfeld bei einem Lunch auf den wir Sie gerne einladen.<br><br>\u2b50\ufe0f <br>Etappe 9: <br><strong>Aktionsplan, Abschlussgespr\u00e4ch und Feier<\/strong><\/p>\n\n\n\n<p>R\u00fcckblick und Reflektion: Gemeinsame Auswertung Ihres Weges durch das Programm, Betrachtung des Gesamtbildes und Beschreibung Ihrer Excellence f\u00fcr den weiteren Weg. Erstellung eines Aktionsplans f\u00fcr Ihre weiteren Schritte nach Abschluss des Tisia Outplacement Excellence Programms.<\/p>\n\n\n\n<p class=\"has-text-align-center\"><strong>Ihr Vorteil: <\/strong><br>Sie haben einen Meilenstein erreicht. Diesen Erfolg feiern wir in einem entspannten Umfeld bei einem Lunch auf den wir Sie gerne einladen.<br><br>\u2b50\ufe0f <br>Etappe 10<br><strong>Aktionsplan, Abschlussgespr\u00e4ch und Feier<\/strong><\/p>\n\n\n\n<p>R\u00fcckblick und Reflektion: Gemeinsame Auswertung Ihres Weges durch das Programm, Betrachtung des Gesamtbildes und Beschreibung Ihrer Excellence f\u00fcr den weiteren Weg. Erstellung eines Aktionsplans f\u00fcr Ihre weiteren Schritte nach Abschluss des Tisia Outplacement Excellence Programms.<\/p>\n\n\n\n<p class=\"has-text-align-center\"><strong>Ihr Vorteil: <\/strong><br>Sie haben einen Meilenstein erreicht. Diesen Erfolg feiern wir in einem entspannten Umfeld bei einem Lunch auf den wir Sie gerne einladen.<br><br>\u2b50\ufe0f <br>Etappe 11: <br><strong>Aktionsplan, Abschlussgespr\u00e4ch und Feier<\/strong><\/p>\n\n\n\n<p>R\u00fcckblick und Reflektion: Gemeinsame Auswertung Ihres Weges durch das Programm, Betrachtung des Gesamtbildes und Beschreibung Ihrer Excellence f\u00fcr den weiteren Weg. Erstellung eines Aktionsplans f\u00fcr Ihre weiteren Schritte nach Abschluss des Tisia Outplacement Excellence Programms.<\/p>\n\n\n\n<p class=\"has-text-align-center\"><strong>Ihr Vorteil: <\/strong><br>Sie haben einen Meilenstein erreicht. Diesen Erfolg feiern wir in einem entspannten Umfeld bei einem Lunch auf den wir Sie gerne einladen.<br><br>\u2b50\ufe0f <br>Etappe 12: <br><strong>Nachbesprechung<\/strong><br><br>Nachbesprechung nach vier Wochen nach Abschluss des Programms als zus\u00e4tzliche Unterst\u00fctzung.<\/p>\n","protected":false},"excerpt":{"rendered":"<p>Das Outplacement Excellence Programm In einer sich st\u00e4ndig ver\u00e4ndernden Arbeitswelt ist eine berufliche Neuorientierung herausfordernd. Unser einzigartiges Excellence Programm unterst\u00fctzt Sie umfassend in Ihrer \u00dcbergangsphase. Unser Programm bietet Ihnen nicht nur fachkundige Beratung und praktische Werkzeuge, sondern auch die notwendige emotionale und mentale Begleitung, um Ihre Karriere erfolgreich fortzusetzen. Innert [&hellip;]<\/p>\n","protected":false},"author":1,"featured_media":518,"parent":0,"menu_order":0,"comment_status":"closed","ping_status":"closed","template":"","meta":{"footnotes":""},"class_list":["post-490","page","type-page","status-publish","has-post-thumbnail","hentry"],"_links":{"self":[{"href":"https:\/\/www.tisiaoutplacement.ch\/index.php?rest_route=\/wp\/v2\/pages\/490","targetHints":{"allow":["GET"]}}],"collection":[{"href":"https:\/\/www.tisiaoutplacement.ch\/index.php?rest_route=\/wp\/v2\/pages"}],"about":[{"href":"https:\/\/www.tisiaoutplacement.ch\/index.php?rest_route=\/wp\/v2\/types\/page"}],"author":[{"embeddable":true,"href":"https:\/\/www.tisiaoutplacement.ch\/index.php?rest_route=\/wp\/v2\/users\/1"}],"replies":[{"embeddable":true,"href":"https:\/\/www.tisiaoutplacement.ch\/index.php?rest_route=%2Fwp%2Fv2%2Fcomments&post=490"}],"version-history":[{"count":4,"href":"https:\/\/www.tisiaoutplacement.ch\/index.php?rest_route=\/wp\/v2\/pages\/490\/revisions"}],"predecessor-version":[{"id":524,"href":"https:\/\/www.tisiaoutplacement.ch\/index.php?rest_route=\/wp\/v2\/pages\/490\/revisions\/524"}],"wp:featuredmedia":[{"embeddable":true,"href":"https:\/\/www.tisiaoutplacement.ch\/index.php?rest_route=\/wp\/v2\/media\/518"}],"wp:attachment":[{"href":"https:\/\/www.tisiaoutplacement.ch\/index.php?rest_route=%2Fwp%2Fv2%2Fmedia&parent=490"}],"curies":[{"name":"wp","href":"https:\/\/api.w.org\/{rel}","templated":true}]}}