{"id":377,"date":"2024-08-16T11:13:02","date_gmt":"2024-08-16T11:13:02","guid":{"rendered":"http:\/\/www.tisiaoutplacement.ch\/?page_id=377"},"modified":"2024-08-25T13:39:47","modified_gmt":"2024-08-25T13:39:47","slug":"agb","status":"publish","type":"page","link":"https:\/\/www.tisiaoutplacement.ch\/?page_id=377","title":{"rendered":"AGB"},"content":{"rendered":"\n<h2 class=\"wp-block-heading\">Spielregeln<\/h2>\n\n\n\n<p>Die Angebote der Tisia AG (dazu geh\u00f6rt auch die Schule f\u00fcr Trauerbegleitung) stellen keine therapeutische Ausbildung dar und die vermittelten Inhalte sind keine Grundlage f\u00fcr therapeutische Arbeit. Die Inhalte und Ziele der Angebote sind in der Ausschreibung\/Auftragsbest\u00e4tigung definiert. Alle Beteiligten bewegen sich innerhalb dieses Kontextes und gehen die Ziele in einem f\u00fcr sich selbst m\u00f6glichen Rahmen an. Die Referentin\/Kursleitung vermittelt die Inhalte mit dem Fokus auf das Erreichen der Ziele. Das Erreichen des Ziels liegt dabei ausschlie\u00dflich in der Verantwortung der Teilnehmenden und kann von der Kursleitung nicht garantiert werden. F\u00fcr die pers\u00f6nliche Wahrnehmung, Befinden, Entscheidungen, R\u00fcckschl\u00fcsse und Handlungen der Teilnehmenden zu sorgen, liegt ausserhalb der M\u00f6glichkeit der Leitung. Die Teilnehmenden sind jederzeit selbst f\u00fcr sich verantwortlich und frei, Entscheidungen zu treffen. W\u00e4hrend der Durchf\u00fchrung eines Angebotes ist die Offenheit sowie die Privatsph\u00e4re aller Teilnehmenden zu respektieren. Alle im Kurs gemachten Erfahrungen \u2013 auch anderer Teilnehmenden \u2013 sind vertraulich zu behandeln und nicht weiterzugeben. Adressen anderer Teilnehmenden d\u00fcrfen nicht f\u00fcr (Eigen-)Werbezwecke genutzt oder weitergegeben werden.<\/p>\n\n\n\n<h2 class=\"wp-block-heading\">Anmeldung<\/h2>\n\n\n\n<p>Zertifikats-Ausbildung: Bitte melden Sie sich schriftlich mit dem Anmeldeformular an. Die Kursleitung vereinbart nach Eingang der Anmeldung und vor einer Aufnahme in die Ausbildung ein telefonisches Aufnahme-Gespr\u00e4ch. Bei gegenseitigem Einverst\u00e4ndnis erhalten Sie Aufnahmebest\u00e4tigung mit Rechnung. Die Anmeldung verpflichtet Sie zur Zahlung des Kursgeldes. Die Anmeldungen werden nach Eingangsdatum ber\u00fccksichtigt, die Platzzahl ist beschr\u00e4nkt.<\/p>\n\n\n\n<p>Inhouse-Fortbildung: Nach einem telefonischen Gespr\u00e4ch erhalten Sie einen Vorschlag und Offerte f\u00fcr Ihre Inhouse-Fortbildung. Bei Einverst\u00e4ndnis best\u00e4tigen Sie den Auftrag definitiv. Mit Erhalt der Auftragsbest\u00e4tigung wird die Vereinbarung verbindlich. Sollten in der Auftragsbest\u00e4tigung Unstimmigkeiten mit voran gegangenen Vereinbarungen auftauchen, bitte melden Sie dies innert 14 Tagen zur\u00fcck. Auch andere \u00c4nderungen, wie z.B. andere R\u00e4umlichkeiten, Durchf\u00fchrungsorte, Zeiten, TN-Anzahl melden Sie bitte rechtzeitig.<\/p>\n\n\n\n<h2 class=\"wp-block-heading\">Zahlung<\/h2>\n\n\n\n<p>Zertifikats-Ausbildung: Mit der Aufnahmebest\u00e4tigung erhalten Sie die Rechnung. Die Anzahlung ist innert 14 Tagen nach Rechnungsdatum f\u00e4llig. Der Restbetrag bis sp\u00e4testens 14 Tage vor dem Start der Ausbildung. Auf Wunsch k\u00f6nnen Ratenzahlungen f\u00fcr den Restbetrag vereinbart werden.<\/p>\n\n\n\n<p>Inhouse-Fortbildung: Die Honorar-Rechnung wird \u2013 wenn nichts anderes vereinbart \u2013 innert 14 Tagen nach Durchf\u00fchrung der Fortbildung zur Zahlung f\u00e4llig.<\/p>\n\n\n\n<h2 class=\"wp-block-heading\">Haftung<\/h2>\n\n\n\n<p>Zertifikats-Ausbildung: Anreise ist Sache der Teilnehmenden. Die Teilnehmenden sind selbst f\u00fcr ausreichende Versicherungsdeckung verantwortlich. (Krankheit, Unfall, Haftplicht, Annullierungsschutz, Diebstahl\/Verlust).<\/p>\n\n\n\n<p>Inhouse-Fortbildung: Die Referenten\/Kursleitung bzw. Tisia AG \u00fcbernehmen keine Haftung f\u00fcr Sch\u00e4den von Material oder an Personen, die w\u00e4hrend dem Anlass durch\/an den Teilnehmenden entstehen. Versicherungsschutz f\u00fcr den Anlass ist Sache der Veranstalterin.<\/p>\n\n\n\n<h2 class=\"wp-block-heading\">Absagen \/ Ausfall \/ Annullationskosten<\/h2>\n\n\n\n<p><br>Zertifikats-Ausbildung: Bei Ausfall der Referentin\/Kursleitung infolge Krankheit oder anderer wichtiger Gr\u00fcnde kann eine Stellvertretung eingesetzt oder ein Ersatzdatum vereinbart werden. Muss ein Kurs unsererseits abgesagt werden, (z.B. bei zu wenig Anmeldungen) wird das bereits einbezahlte Kursgeld vollumf\u00e4nglich zur\u00fcckerstattet. Weitere Anspr\u00fcche bestehen nicht.<br>Bei Abmeldung seitens der teilnehmenden Person bis 30 Tage vor Kursbeginn verrechnen wir eine Umtriebsgeb\u00fchr von CHF 200.-. Bis 14 Tage vor Kursbeginn 1\/3 der Kurskosten und danach den ganzen Betrag, sofern nicht ein Ersatz gefunden wird.<\/p>\n\n\n\n<p>Inhouse-Fortbildung: Wird ein Auftrag seitens der Auftragsgeberin abgesagt, (z.B. bei zu wenig Anmeldungen) werden 20% des Auftragsbetrages in jedem Fall in Rechnung gestellt, bei Absage sp\u00e4ter als 30 Tage der volle Betrag des Auftrags. Bei Verschiebungen seitens der Auftraggeberin eine Umtriebsgeb\u00fchr von CHF 200.<\/p>\n\n\n\n<p>Erweiterung: BAG-Pandemie-Massnahmen haben keinen kostenpflichtigen Einfluss auf Absagen\/Verschiebungen der Vereinbarungen. Es wird jedoch, wenn immer m\u00f6glich, eine online-Variante zur Verf\u00fcgung gestellt.<\/p>\n\n\n\n<h2 class=\"wp-block-heading\">Ausschluss \/ Abbruch<\/h2>\n\n\n\n<p>Die Veranstalterin sowie die Referentin\/Kursleitung k\u00f6nnen aus wichtigen Gr\u00fcnden den Ausschluss, (bzw. die Nichtaufnahme) von Teilnehmenden vom Kurs\/ Fortbildung beschliessen und durchsetzen. (z.B. bei grober Nichtber\u00fccksichtigung der AGB \/ Spielregeln und\/oder Voraussetzungen f\u00fcr die Teilnahme). Wenn Teilnehmende das Angebot verlassen wollen\/m\u00fcssen (aus welchen Gr\u00fcnden auch immer) besteht kein Anrecht auf R\u00fcckerstattung der Kosten.<\/p>\n\n\n\n<h2 class=\"wp-block-heading\">Copy- und Publishingright<\/h2>\n\n\n\n<p>AuftraggeberInnen\/Teilnehmenden anerkennen das geistige Eigentum der Angebotsinhalte der Angebotsinhalte sowie aller Unterlagen der Tisia AG (dazu geh\u00f6rt Schule f\u00fcr Trauerbegleitung \u2013 Monica Lonoce). Sie respektiert, dass das Copyright und Publishingright (auch der Markennamen) ausschlie\u00dflich bei den Eigent\u00fcmern liegt (Monica Lonoce \u2013 Schule f\u00fcr Trauerbegleitung). Die Kursinhalte d\u00fcrfen nicht aufgezeichnet \u2013 auch nicht elektronisch \u2013 gelehrt und\/oder ver\u00f6ffentlicht werden. Wenn Sie Inhalte der Inhouse-Fortbildung oder Zertifikats Ausbildung weiterverwenden wollen, braucht es daf\u00fcr das Einverst\u00e4ndnis der Eigent\u00fcmerin.<\/p>\n\n\n\n<h2 class=\"wp-block-heading\">Programm- und Preis\u00e4nderungen<\/h2>\n\n\n\n<p>Programm- und Preis\u00e4nderungen sowie \u00c4nderungen in den AGB bleiben vorbehalten.<\/p>\n\n\n\n<h2 class=\"wp-block-heading\">Freistellungserkl\u00e4rung<\/h2>\n\n\n\n<p>Zertifikats-Ausbildung: Sie best\u00e4tigen durch das Akzeptieren der AGB, dass Sie aus freien St\u00fccken am Angebot teilnehmen. Sie befinden sich in einem gesunden psychischen wie physischen Allgemeinzustand. Sollten Sie in dauerhafter \u00e4rztlicher und\/oder therapeutischer Behandlung sein und\/oder Psychopharmaka nehmen, so haben Sie die Kursleitung dar\u00fcber informiert und mit dem Arzt\/ Therapeuten dar\u00fcber gesprochen. F\u00fcr diesen Fall haben weder die Kursleitung noch Ihr Arzt\/Therapeut Einw\u00e4nde gegen eine Teilnahme am Angebot erhoben. Ihnen ist bewusst, dass die Angebote der Schule f\u00fcr Trauerbegleitung keine Therapie darstellen oder ersetzen. Sie stellen die Veranstalterin\/Kursleitenden von jedweder Haftung f\u00fcr Ereignisse und Resultate, welche im Zusammenhang mit Ihrer Teilnahme entstehen, frei.<\/p>\n\n\n\n<p>Inhouse-Fortbildung: Sie best\u00e4tigen durch das Akzeptieren der AGB\u2019s, dass Sie die Tisia AG (dazu geh\u00f6rt auch die Schule f\u00fcr Trauerbegleitung), wie auch die Kursleitung\/ Referentin von jedweder Haftung f\u00fcr alles im Zusammenhang mit der Auftragserteilung und der Teilnehmenden freistellen.<\/p>\n","protected":false},"excerpt":{"rendered":"<p>Spielregeln Die Angebote der Tisia AG (dazu geh\u00f6rt auch die Schule f\u00fcr Trauerbegleitung) stellen keine therapeutische Ausbildung dar und die vermittelten Inhalte sind keine Grundlage f\u00fcr therapeutische Arbeit. Die Inhalte und Ziele der Angebote sind in der Ausschreibung\/Auftragsbest\u00e4tigung definiert. Alle Beteiligten bewegen sich innerhalb dieses Kontextes und gehen die Ziele [&hellip;]<\/p>\n","protected":false},"author":1,"featured_media":0,"parent":0,"menu_order":0,"comment_status":"closed","ping_status":"closed","template":"","meta":{"footnotes":""},"class_list":["post-377","page","type-page","status-publish","hentry"],"_links":{"self":[{"href":"https:\/\/www.tisiaoutplacement.ch\/index.php?rest_route=\/wp\/v2\/pages\/377","targetHints":{"allow":["GET"]}}],"collection":[{"href":"https:\/\/www.tisiaoutplacement.ch\/index.php?rest_route=\/wp\/v2\/pages"}],"about":[{"href":"https:\/\/www.tisiaoutplacement.ch\/index.php?rest_route=\/wp\/v2\/types\/page"}],"author":[{"embeddable":true,"href":"https:\/\/www.tisiaoutplacement.ch\/index.php?rest_route=\/wp\/v2\/users\/1"}],"replies":[{"embeddable":true,"href":"https:\/\/www.tisiaoutplacement.ch\/index.php?rest_route=%2Fwp%2Fv2%2Fcomments&post=377"}],"version-history":[{"count":2,"href":"https:\/\/www.tisiaoutplacement.ch\/index.php?rest_route=\/wp\/v2\/pages\/377\/revisions"}],"predecessor-version":[{"id":423,"href":"https:\/\/www.tisiaoutplacement.ch\/index.php?rest_route=\/wp\/v2\/pages\/377\/revisions\/423"}],"wp:attachment":[{"href":"https:\/\/www.tisiaoutplacement.ch\/index.php?rest_route=%2Fwp%2Fv2%2Fmedia&parent=377"}],"curies":[{"name":"wp","href":"https:\/\/api.w.org\/{rel}","templated":true}]}}