{"id":2,"date":"2016-05-10T03:48:21","date_gmt":"2016-05-10T03:48:21","guid":{"rendered":"http:\/\/www.tisiaoutplacement.ch\/?page_id=2"},"modified":"2024-09-05T17:52:44","modified_gmt":"2024-09-05T17:52:44","slug":"sample-page","status":"publish","type":"page","link":"https:\/\/www.tisiaoutplacement.ch\/","title":{"rendered":"Willkommen"},"content":{"rendered":"\n<h2 class=\"wp-block-heading has-text-align-center has-large-font-size\">Tisia Outplacement Excellence<\/h2>\n\n\n\n<p class=\"has-text-align-center has-medium-font-size\"><strong>Sie haben Ihren Job verloren?<br>Sie wollen sich beruflich neu orientieren?<br>Was einmal passte ist heute nicht mehr Ihr Ding?<br>Sie wissen, dass die rasanten Ver\u00e4nderungen mit KI neue Performance verlangen?<\/strong><br><strong>Sie stehen unter Druck, es eilt, sie wollen vorw\u00e4rts?<\/strong><\/p>\n\n\n\n<p class=\"has-text-align-center has-medium-font-size\">\u2b50\ufe0f<\/p>\n\n\n\n<p class=\"has-text-align-center has-medium-font-size\"><strong>Mit unserem Tisia Outplacement Excellence<\/strong><br><strong>gestalten Sie besser,<\/strong><br><strong>erfolgreicher und nachhaltiger.<\/strong><\/p>\n\n\n\n<p class=\"has-text-align-center\"><strong>\u2b50\ufe0f<\/strong><\/p>\n\n\n\n<p class=\"has-text-align-center has-medium-font-size\"><strong>In 12 Wochen mit unserer<br>Begleitung und unseren Tools,<br>starten Sie in Ihre beste Zukunft.<\/strong><\/p>\n\n\n\n<div style=\"height:var(--wp--preset--spacing--medium)\" aria-hidden=\"true\" class=\"wp-block-spacer\"><\/div>\n\n\n\n<figure class=\"wp-block-image alignwide size-large has-custom-border\"><img loading=\"lazy\" decoding=\"async\" width=\"1024\" height=\"480\" src=\"http:\/\/www.tisiaoutplacement.ch\/wp-content\/uploads\/LP.-outplacement-gross-Perle-1024x480.png\" alt=\"\" class=\"wp-image-507\" style=\"border-radius:15px\" srcset=\"https:\/\/www.tisiaoutplacement.ch\/wp-content\/uploads\/LP.-outplacement-gross-Perle-1024x480.png 1024w, https:\/\/www.tisiaoutplacement.ch\/wp-content\/uploads\/LP.-outplacement-gross-Perle-300x141.png 300w, https:\/\/www.tisiaoutplacement.ch\/wp-content\/uploads\/LP.-outplacement-gross-Perle-768x360.png 768w, https:\/\/www.tisiaoutplacement.ch\/wp-content\/uploads\/LP.-outplacement-gross-Perle-1536x720.png 1536w, https:\/\/www.tisiaoutplacement.ch\/wp-content\/uploads\/LP.-outplacement-gross-Perle-1000x469.png 1000w, https:\/\/www.tisiaoutplacement.ch\/wp-content\/uploads\/LP.-outplacement-gross-Perle-1800x844.png 1800w, https:\/\/www.tisiaoutplacement.ch\/wp-content\/uploads\/LP.-outplacement-gross-Perle-1195x560.png 1195w, https:\/\/www.tisiaoutplacement.ch\/wp-content\/uploads\/LP.-outplacement-gross-Perle-600x281.png 600w, https:\/\/www.tisiaoutplacement.ch\/wp-content\/uploads\/LP.-outplacement-gross-Perle.png 1920w\" sizes=\"auto, (max-width: 1024px) 100vw, 1024px\" \/><\/figure>\n\n\n\n<div style=\"height:var(--wp--preset--spacing--small)\" aria-hidden=\"true\" class=\"wp-block-spacer\"><\/div>\n\n\n\n<h1 class=\"wp-block-heading has-text-align-center has-large-font-size\">TISIA\u00ae<br>Turn Inner Secrets Into Action<\/h1>\n\n\n\n<p class=\"has-text-align-center has-medium-font-size\"><strong>Wir gehen davon aus, dass jeder Mensch in sich ein Geheimnis, ein Ziel, eine Gabe tr\u00e4gt. <\/strong><br><strong>Jede Ver\u00e4nderung ist eine weitere Chance, diesem inneren Geheimnis n\u00e4her zu kommen und es in Aktion zu bringen. <\/strong><br><br><strong>Daf\u00fcr haben wir Programme entwickelt. <\/strong><br><strong>Wir zeigen unseren Kundinnen und Kunden einen wirksamen Weg, im \u00e4usseren Leben, mit all einen Anspr\u00fcchen, das innerste Sch\u00f6nste und Kostbarste hervorzubringen. Auch im Beruf.<\/strong> <br><br><strong>Alle Tisia Angebote&nbsp;sch\u00f6pfen <\/strong><strong>aus \u00fcber 20 Jahren Erfahrung in Prozessbegleitung, Coaching und Mentaltraining.<\/strong> <strong>Wir nutzen immer die aktuellsten Tools verbunden mit bew\u00e4hrten Errungenschaften.<\/strong><\/p>\n\n\n\n<div style=\"height:var(--wp--preset--spacing--medium)\" aria-hidden=\"true\" class=\"wp-block-spacer\"><\/div>\n\n\n\n<hr class=\"wp-block-separator has-alpha-channel-opacity\"\/>\n\n\n\n<div style=\"height:var(--wp--preset--spacing--x-small)\" aria-hidden=\"true\" class=\"wp-block-spacer\"><\/div>\n\n\n\n<h2 class=\"wp-block-heading has-text-align-center has-large-font-size\">Mit Ihrem vollen Potenzial<br>erreichen Sie Ihre Ziele.<\/h2>\n\n\n\n<div style=\"height:var(--wp--preset--spacing--x-small)\" aria-hidden=\"true\" class=\"wp-block-spacer\"><\/div>\n\n\n\n<hr class=\"wp-block-separator has-alpha-channel-opacity\"\/>\n\n\n\n<div style=\"height:var(--wp--preset--spacing--medium)\" aria-hidden=\"true\" class=\"wp-block-spacer\"><\/div>\n\n\n\n<div style=\"height:var(--wp--preset--spacing--x-small)\" aria-hidden=\"true\" class=\"wp-block-spacer\"><\/div>\n\n\n\n<figure class=\"wp-block-image alignwide size-large has-custom-border is-style-default\"><img loading=\"lazy\" decoding=\"async\" width=\"1024\" height=\"480\" src=\"http:\/\/www.tisiaoutplacement.ch\/wp-content\/uploads\/LP-outplacement-gross-Cockpit-1024x480.png\" alt=\"\" class=\"wp-image-509\" style=\"border-style:none;border-width:0px;border-radius:15px\" srcset=\"https:\/\/www.tisiaoutplacement.ch\/wp-content\/uploads\/LP-outplacement-gross-Cockpit-1024x480.png 1024w, https:\/\/www.tisiaoutplacement.ch\/wp-content\/uploads\/LP-outplacement-gross-Cockpit-300x141.png 300w, https:\/\/www.tisiaoutplacement.ch\/wp-content\/uploads\/LP-outplacement-gross-Cockpit-768x360.png 768w, https:\/\/www.tisiaoutplacement.ch\/wp-content\/uploads\/LP-outplacement-gross-Cockpit-1536x720.png 1536w, https:\/\/www.tisiaoutplacement.ch\/wp-content\/uploads\/LP-outplacement-gross-Cockpit-1000x469.png 1000w, https:\/\/www.tisiaoutplacement.ch\/wp-content\/uploads\/LP-outplacement-gross-Cockpit-1800x844.png 1800w, https:\/\/www.tisiaoutplacement.ch\/wp-content\/uploads\/LP-outplacement-gross-Cockpit-1195x560.png 1195w, https:\/\/www.tisiaoutplacement.ch\/wp-content\/uploads\/LP-outplacement-gross-Cockpit-600x281.png 600w, https:\/\/www.tisiaoutplacement.ch\/wp-content\/uploads\/LP-outplacement-gross-Cockpit.png 1920w\" sizes=\"auto, (max-width: 1024px) 100vw, 1024px\" \/><\/figure>\n\n\n\n<div style=\"height:var(--wp--preset--spacing--large)\" aria-hidden=\"true\" class=\"wp-block-spacer\"><\/div>\n\n\n\n<hr class=\"wp-block-separator has-alpha-channel-opacity\"\/>\n\n\n\n<div style=\"height:var(--wp--preset--spacing--x-small)\" aria-hidden=\"true\" class=\"wp-block-spacer\"><\/div>\n\n\n\n<h2 class=\"wp-block-heading has-text-align-center\">Das Outplacement Excellence Programm<\/h2>\n\n\n\n<p class=\"has-medium-font-size\">In einer sich st\u00e4ndig ver\u00e4ndernden Arbeitswelt ist eine berufliche Neuorientierung herausfordernd. Unser einzigartiges Excellence Programm unterst\u00fctzt Sie umfassend in Ihrer \u00dcbergangsphase. Unser Programm bietet Ihnen nicht nur fachkundige Beratung und praktische Werkzeuge, sondern auch die notwendige emotionale und mentale Begleitung, um Ihre Karriere erfolgreich fortzusetzen.<\/p>\n\n\n\n<p class=\"has-medium-font-size\">Innert zw\u00f6lf Wochen, mit Master-Classes, pers\u00f6nlichen Gespr\u00e4chen mit unserem Expertenteam sowie individuell angepassten KI-Tools erreichen Sie ein neues Level. Dieses hebt Sie deutlich von Ihren Mitbewerbern um dieselbe Position ab.<\/p>\n\n\n\n<div style=\"height:var(--wp--preset--spacing--small)\" aria-hidden=\"true\" class=\"wp-block-spacer\"><\/div>\n\n\n\n<hr class=\"wp-block-separator has-alpha-channel-opacity\"\/>\n\n\n\n<h2 class=\"wp-block-heading has-text-align-center has-medium-font-size\">Kontaktieren Sie uns jetzt. <br>Wir nehmen uns Zeit f\u00fcr Ihr Anliegen und kl\u00e4ren gemeinsam, was Ihr Reiseziel ist.<\/h2>\n\n\n\n<div class=\"wp-block-buttons is-content-justification-center is-layout-flex wp-container-core-buttons-is-layout-a89b3969 wp-block-buttons-is-layout-flex\">\n<div class=\"wp-block-button is-style-fill\"><a class=\"wp-block-button__link has-secondary-color has-lightgrey-background-color has-text-color has-background has-link-color has-text-align-center wp-element-button\" href=\"mailto:georglange@tisia.ch\" target=\"_blank\" rel=\"noreferrer noopener\">Vereinbaren Sie Ihr kostenloses excellence gespr\u00e4ch<\/a><\/div>\n<\/div>\n\n\n\n<div style=\"height:var(--wp--preset--spacing--large)\" aria-hidden=\"true\" class=\"wp-block-spacer\"><\/div>\n","protected":false},"excerpt":{"rendered":"<p>Tisia Outplacement Excellence Sie haben Ihren Job verloren?Sie wollen sich beruflich neu orientieren?Was einmal passte ist heute nicht mehr Ihr Ding?Sie wissen, dass die rasanten Ver\u00e4nderungen mit KI neue Performance verlangen?Sie stehen unter Druck, es eilt, sie wollen vorw\u00e4rts? \u2b50\ufe0f Mit unserem Tisia Outplacement Excellencegestalten Sie besser,erfolgreicher und nachhaltiger. \u2b50\ufe0f [&hellip;]<\/p>\n","protected":false},"author":1,"featured_media":0,"parent":0,"menu_order":0,"comment_status":"closed","ping_status":"open","template":"","meta":{"footnotes":""},"class_list":["post-2","page","type-page","status-publish","hentry"],"_links":{"self":[{"href":"https:\/\/www.tisiaoutplacement.ch\/index.php?rest_route=\/wp\/v2\/pages\/2","targetHints":{"allow":["GET"]}}],"collection":[{"href":"https:\/\/www.tisiaoutplacement.ch\/index.php?rest_route=\/wp\/v2\/pages"}],"about":[{"href":"https:\/\/www.tisiaoutplacement.ch\/index.php?rest_route=\/wp\/v2\/types\/page"}],"author":[{"embeddable":true,"href":"https:\/\/www.tisiaoutplacement.ch\/index.php?rest_route=\/wp\/v2\/users\/1"}],"replies":[{"embeddable":true,"href":"https:\/\/www.tisiaoutplacement.ch\/index.php?rest_route=%2Fwp%2Fv2%2Fcomments&post=2"}],"version-history":[{"count":117,"href":"https:\/\/www.tisiaoutplacement.ch\/index.php?rest_route=\/wp\/v2\/pages\/2\/revisions"}],"predecessor-version":[{"id":519,"href":"https:\/\/www.tisiaoutplacement.ch\/index.php?rest_route=\/wp\/v2\/pages\/2\/revisions\/519"}],"wp:attachment":[{"href":"https:\/\/www.tisiaoutplacement.ch\/index.php?rest_route=%2Fwp%2Fv2%2Fmedia&parent=2"}],"curies":[{"name":"wp","href":"https:\/\/api.w.org\/{rel}","templated":true}]}}