{"id":12,"date":"2024-07-26T15:41:13","date_gmt":"2024-07-26T15:41:13","guid":{"rendered":"http:\/\/www.tisiaoutplacement.ch\/?page_id=12"},"modified":"2024-09-05T17:54:50","modified_gmt":"2024-09-05T17:54:50","slug":"seite-2-2","status":"publish","type":"page","link":"https:\/\/www.tisiaoutplacement.ch\/?page_id=12","title":{"rendered":"Unsere Philosophie"},"content":{"rendered":"\n<h2 class=\"wp-block-heading has-text-align-center\">Turn Inner Secrets Into Action<\/h2>\n\n\n\n<p class=\"has-medium-font-size\">Jeder Mensch ist einzigartig. Jeder tr\u00e4gt in sich ein Potenzial, das es zu entwickeln und zu realisieren gilt. Der berufliche Weg ist daf\u00fcr wie geschaffen, da er uns fordert. Manchmal verlangt das Leben, dass wir Abschied nehmen von bisherigen xxx<\/p>\n\n\n\n<div style=\"height:var(--wp--preset--spacing--medium)\" aria-hidden=\"true\" class=\"wp-block-spacer\"><\/div>\n\n\n\n<h2 class=\"wp-block-heading has-text-align-center\">Qualit\u00e4t und Methodik<\/h2>\n\n\n\n<p class=\"has-medium-font-size\">Unsere Arbeit basiert auf wissenschaftlichen Theorien und Modellen aus der Pr\u00e4vention und Gesundheitsf\u00f6rderung. Insbesondere der \u00absense of coherence\u00bb aus der Salutogenese von A. Antonovsky dient unserem Begleitmodell Gef\u00fchle.Leben.Lernen.\u00ae als Grundlage.  Wir legen in die einzelnen Audios oft kleine Impulse in Form von Perspektiven, Wissen, Handlungsanleitungen und viel Raum f\u00fcr das Finden von Sinnhaftigkeit.<\/p>\n\n\n\n<p class=\"has-medium-font-size\">Wir vertreten ein humanistisches Menschenbild. Das bedeutet, der Mensch steht im Fokus. Die vermittelten Inhalte sind frei von kulturellen, religi\u00f6sen,  esoterischen oder anderen Weltbildern. Wir konzentrieren uns auf den Prozess und auf die Gef\u00fchle der Menschen in ihrer aktuellen Lebens- und Verlustsituation.<\/p>\n\n\n\n<figure class=\"wp-block-image alignwide size-large has-custom-border\"><img loading=\"lazy\" decoding=\"async\" width=\"1024\" height=\"480\" src=\"http:\/\/www.tisiaoutplacement.ch\/wp-content\/uploads\/LP-outplacement-gross-Spirale-1024x480.png\" alt=\"\" class=\"wp-image-516\" style=\"border-radius:14px\" srcset=\"https:\/\/www.tisiaoutplacement.ch\/wp-content\/uploads\/LP-outplacement-gross-Spirale-1024x480.png 1024w, https:\/\/www.tisiaoutplacement.ch\/wp-content\/uploads\/LP-outplacement-gross-Spirale-300x141.png 300w, https:\/\/www.tisiaoutplacement.ch\/wp-content\/uploads\/LP-outplacement-gross-Spirale-768x360.png 768w, https:\/\/www.tisiaoutplacement.ch\/wp-content\/uploads\/LP-outplacement-gross-Spirale-1536x720.png 1536w, https:\/\/www.tisiaoutplacement.ch\/wp-content\/uploads\/LP-outplacement-gross-Spirale-1000x469.png 1000w, https:\/\/www.tisiaoutplacement.ch\/wp-content\/uploads\/LP-outplacement-gross-Spirale-1800x844.png 1800w, https:\/\/www.tisiaoutplacement.ch\/wp-content\/uploads\/LP-outplacement-gross-Spirale-1195x560.png 1195w, https:\/\/www.tisiaoutplacement.ch\/wp-content\/uploads\/LP-outplacement-gross-Spirale-600x281.png 600w, https:\/\/www.tisiaoutplacement.ch\/wp-content\/uploads\/LP-outplacement-gross-Spirale.png 1920w\" sizes=\"auto, (max-width: 1024px) 100vw, 1024px\" \/><\/figure>\n","protected":false},"excerpt":{"rendered":"<p>Turn Inner Secrets Into Action Jeder Mensch ist einzigartig. Jeder tr\u00e4gt in sich ein Potenzial, das es zu entwickeln und zu realisieren gilt. Der berufliche Weg ist daf\u00fcr wie geschaffen, da er uns fordert. Manchmal verlangt das Leben, dass wir Abschied nehmen von bisherigen xxx Qualit\u00e4t und Methodik Unsere Arbeit [&hellip;]<\/p>\n","protected":false},"author":1,"featured_media":511,"parent":0,"menu_order":0,"comment_status":"closed","ping_status":"closed","template":"","meta":{"footnotes":""},"class_list":["post-12","page","type-page","status-publish","has-post-thumbnail","hentry"],"_links":{"self":[{"href":"https:\/\/www.tisiaoutplacement.ch\/index.php?rest_route=\/wp\/v2\/pages\/12","targetHints":{"allow":["GET"]}}],"collection":[{"href":"https:\/\/www.tisiaoutplacement.ch\/index.php?rest_route=\/wp\/v2\/pages"}],"about":[{"href":"https:\/\/www.tisiaoutplacement.ch\/index.php?rest_route=\/wp\/v2\/types\/page"}],"author":[{"embeddable":true,"href":"https:\/\/www.tisiaoutplacement.ch\/index.php?rest_route=\/wp\/v2\/users\/1"}],"replies":[{"embeddable":true,"href":"https:\/\/www.tisiaoutplacement.ch\/index.php?rest_route=%2Fwp%2Fv2%2Fcomments&post=12"}],"version-history":[{"count":19,"href":"https:\/\/www.tisiaoutplacement.ch\/index.php?rest_route=\/wp\/v2\/pages\/12\/revisions"}],"predecessor-version":[{"id":521,"href":"https:\/\/www.tisiaoutplacement.ch\/index.php?rest_route=\/wp\/v2\/pages\/12\/revisions\/521"}],"wp:featuredmedia":[{"embeddable":true,"href":"https:\/\/www.tisiaoutplacement.ch\/index.php?rest_route=\/wp\/v2\/media\/511"}],"wp:attachment":[{"href":"https:\/\/www.tisiaoutplacement.ch\/index.php?rest_route=%2Fwp%2Fv2%2Fmedia&parent=12"}],"curies":[{"name":"wp","href":"https:\/\/api.w.org\/{rel}","templated":true}]}}