{"id":10,"date":"2024-07-26T15:40:56","date_gmt":"2024-07-26T15:40:56","guid":{"rendered":"http:\/\/www.tisiaoutplacement.ch\/?page_id=10"},"modified":"2024-09-05T17:53:57","modified_gmt":"2024-09-05T17:53:57","slug":"seite-2","status":"publish","type":"page","link":"https:\/\/www.tisiaoutplacement.ch\/?page_id=10","title":{"rendered":"Team"},"content":{"rendered":"\n<div style=\"height:var(--wp--preset--spacing--small)\" aria-hidden=\"true\" class=\"wp-block-spacer\"><\/div>\n\n\n\n<h2 class=\"wp-block-heading has-text-align-center has-medium-font-size\" id=\"block-9c95476c-46ce-4e6b-9c4e-f73249279ad4\">\u00bbDer Kolibri, einzigartig in der Vogelwelt, schl\u00e4gt seine Fl\u00fcgel so schnell, um in der Luft stillzustehen oder r\u00fcckw\u00e4rts zu fliegen, damit er mit unglaublicher Pr\u00e4zision den Nektar aus den Bl\u00fcten gewinnen kann, wo andere V\u00f6gel nicht hinkommen.<strong>\u00ab<\/strong><\/h2>\n\n\n\n<div style=\"height:var(--wp--preset--spacing--medium)\" aria-hidden=\"true\" class=\"wp-block-spacer\"><\/div>\n\n\n\n<hr class=\"wp-block-separator has-alpha-channel-opacity\"\/>\n\n\n\n<div style=\"height:var(--wp--preset--spacing--small)\" aria-hidden=\"true\" class=\"wp-block-spacer\"><\/div>\n\n\n\n<h2 class=\"wp-block-heading has-text-align-center has-medium-font-size\">Programmleitung <br>Georg Lange <strong>MBA und MAS HR.<\/strong><\/h2>\n\n\n\n<div style=\"height:var(--wp--preset--spacing--small)\" aria-hidden=\"true\" class=\"wp-block-spacer\"><\/div>\n\n\n\n<p class=\"has-medium-font-size\">Erfahrene HR-F\u00fchrungskraft mit umfangreicher Expertise in strategischer Personalentwicklung, digitaler Transformation und operativer Effizienzsteigerung. Als Global Head of HR bei EFTEC leitete ich die Entwicklung der Belegschaft, setzte innovative Recruiting-Methoden um und optimierte Verg\u00fctungs- und Leistungsstrukturen. Bei Synaps Care AG unterst\u00fctzte ich die strategische Ausrichtung als Vorstandsmitglied. Zuvor f\u00fchrte ich bei Syngenta eine umfassende Digitalisierung der HR-Strategie durch und reduzierte die operativen Kosten erheblich. Als Head HR Schweiz (ai) bei Rieter Machine Works Ltd. transformierte ich die Rekrutierungs- und Mitarbeiterbindungsf\u00e4higkeiten durch die Einf\u00fchrung eines Talent Lifecycle Management Systems, aktualisierte unternehmensweite Richtlinien und etablierte ein zertifiziertes Fortbildungsprogramm. Meine Karriere zeichnet sich durch erfolgreiche Projekte in den Bereichen Personalplanung, Talentmanagement, Organisationsentwicklung und HR-Digitalisierung aus.<br><br><strong>Ausbildung: <\/strong><br>Erfolgreiche Absolvent mehrerer renommierter Programme mit einem starken Fokus auf Human Resources, F\u00fchrung und K\u00fcnstliche Intelligenz. <\/p>\n\n\n\n<p class=\"has-medium-font-size\"><strong>MIT Sloan School of Management<\/strong>: Teilnahme am Artificial Intelligence Programme (2024), mit Schwerpunkt auf der Entwicklung einer Strategie, um eine Hochschule auf KI-gest\u00fctzten Lehrbetrieb umzustellen und langfristig Exzellenz zu sichern.<br><strong>HWZ Hochschule f\u00fcr Wirtschaft Z\u00fcrich<\/strong>: Master of Advanced Studies in Human Resources and Leadership (2014\u20132018) mit Auszeichnung. Abschlussarbeiten und Zertifikate in strategischem und innovativem HR-Management, insbesondere der Einsatz von K\u00fcnstlicher Intelligenz im HR-Bereich.<br><strong>Rushmore University<\/strong>: Master of Business Administration (2000\u20132002) mit Fokus auf Human Capital Management und General Management, abgeschlossen mit Bestnote.<br><strong>Universit\u00e4t Regensburg<\/strong>: Diplom in Betriebswirtschaftslehre und Management (1988\u20131993), fundierte Ausbildung in klassischen betriebswirtschaftlichen Disziplinen.<br><br><strong>Zus\u00e4tzliche Diplome:<\/strong><br>Zertifizierter Coach CIMA,  Mentaltrainer, NLP Mastertrainer, Autor, Ausbilder. <br><\/p>\n\n\n\n<figure class=\"wp-block-image aligncenter size-large is-resized has-custom-border\"><img loading=\"lazy\" decoding=\"async\" width=\"768\" height=\"1024\" src=\"http:\/\/www.tisiaoutplacement.ch\/wp-content\/uploads\/IMG_2489-768x1024.jpeg\" alt=\"\" class=\"wp-image-498\" style=\"border-radius:20px;width:500px\" srcset=\"https:\/\/www.tisiaoutplacement.ch\/wp-content\/uploads\/IMG_2489-768x1024.jpeg 768w, https:\/\/www.tisiaoutplacement.ch\/wp-content\/uploads\/IMG_2489-225x300.jpeg 225w, https:\/\/www.tisiaoutplacement.ch\/wp-content\/uploads\/IMG_2489-1152x1536.jpeg 1152w, https:\/\/www.tisiaoutplacement.ch\/wp-content\/uploads\/IMG_2489-1536x2048.jpeg 1536w, https:\/\/www.tisiaoutplacement.ch\/wp-content\/uploads\/IMG_2489-2000x2667.jpeg 2000w, https:\/\/www.tisiaoutplacement.ch\/wp-content\/uploads\/IMG_2489-1000x1333.jpeg 1000w, https:\/\/www.tisiaoutplacement.ch\/wp-content\/uploads\/IMG_2489-1800x2400.jpeg 1800w, https:\/\/www.tisiaoutplacement.ch\/wp-content\/uploads\/IMG_2489-420x560.jpeg 420w, https:\/\/www.tisiaoutplacement.ch\/wp-content\/uploads\/IMG_2489-600x800.jpeg 600w, https:\/\/www.tisiaoutplacement.ch\/wp-content\/uploads\/IMG_2489-scaled.jpeg 1920w\" sizes=\"auto, (max-width: 768px) 100vw, 768px\" \/><\/figure>\n\n\n\n<div style=\"height:var(--wp--preset--spacing--x-small)\" aria-hidden=\"true\" class=\"wp-block-spacer\"><\/div>\n\n\n\n<h2 class=\"wp-block-heading has-text-align-center has-medium-font-size\">Ich f\u00fchre Menschen und Organisationen <br>zu ihren h\u00f6chsten beruflichen Zielen, <br>die sie sich vorstellen \/ erreichen k\u00f6nnen. <br>Daf\u00fcr nutze ich alle Mittel und Tools, die es braucht.<\/h2>\n\n\n\n<div style=\"height:100px\" aria-hidden=\"true\" class=\"wp-block-spacer\"><\/div>\n\n\n\n<figure class=\"wp-block-image alignwide size-large has-custom-border\"><img loading=\"lazy\" decoding=\"async\" width=\"1024\" height=\"480\" src=\"http:\/\/www.tisiaoutplacement.ch\/wp-content\/uploads\/LP-outplacement-gross-Flugzeug-1024x480.png\" alt=\"\" class=\"wp-image-513\" style=\"border-radius:15px\" srcset=\"https:\/\/www.tisiaoutplacement.ch\/wp-content\/uploads\/LP-outplacement-gross-Flugzeug-1024x480.png 1024w, https:\/\/www.tisiaoutplacement.ch\/wp-content\/uploads\/LP-outplacement-gross-Flugzeug-300x141.png 300w, https:\/\/www.tisiaoutplacement.ch\/wp-content\/uploads\/LP-outplacement-gross-Flugzeug-768x360.png 768w, https:\/\/www.tisiaoutplacement.ch\/wp-content\/uploads\/LP-outplacement-gross-Flugzeug-1536x720.png 1536w, https:\/\/www.tisiaoutplacement.ch\/wp-content\/uploads\/LP-outplacement-gross-Flugzeug-1000x469.png 1000w, https:\/\/www.tisiaoutplacement.ch\/wp-content\/uploads\/LP-outplacement-gross-Flugzeug-1800x844.png 1800w, https:\/\/www.tisiaoutplacement.ch\/wp-content\/uploads\/LP-outplacement-gross-Flugzeug-1195x560.png 1195w, https:\/\/www.tisiaoutplacement.ch\/wp-content\/uploads\/LP-outplacement-gross-Flugzeug-600x281.png 600w, https:\/\/www.tisiaoutplacement.ch\/wp-content\/uploads\/LP-outplacement-gross-Flugzeug.png 1920w\" sizes=\"auto, (max-width: 1024px) 100vw, 1024px\" \/><\/figure>\n","protected":false},"excerpt":{"rendered":"<p>\u00bbDer Kolibri, einzigartig in der Vogelwelt, schl\u00e4gt seine Fl\u00fcgel so schnell, um in der Luft stillzustehen oder r\u00fcckw\u00e4rts zu fliegen, damit er mit unglaublicher Pr\u00e4zision den Nektar aus den Bl\u00fcten gewinnen kann, wo andere V\u00f6gel nicht hinkommen.\u00ab Programmleitung Georg Lange MBA und MAS HR. Erfahrene HR-F\u00fchrungskraft mit umfangreicher Expertise in [&hellip;]<\/p>\n","protected":false},"author":1,"featured_media":503,"parent":0,"menu_order":0,"comment_status":"closed","ping_status":"closed","template":"","meta":{"footnotes":""},"class_list":["post-10","page","type-page","status-publish","has-post-thumbnail","hentry"],"_links":{"self":[{"href":"https:\/\/www.tisiaoutplacement.ch\/index.php?rest_route=\/wp\/v2\/pages\/10","targetHints":{"allow":["GET"]}}],"collection":[{"href":"https:\/\/www.tisiaoutplacement.ch\/index.php?rest_route=\/wp\/v2\/pages"}],"about":[{"href":"https:\/\/www.tisiaoutplacement.ch\/index.php?rest_route=\/wp\/v2\/types\/page"}],"author":[{"embeddable":true,"href":"https:\/\/www.tisiaoutplacement.ch\/index.php?rest_route=\/wp\/v2\/users\/1"}],"replies":[{"embeddable":true,"href":"https:\/\/www.tisiaoutplacement.ch\/index.php?rest_route=%2Fwp%2Fv2%2Fcomments&post=10"}],"version-history":[{"count":29,"href":"https:\/\/www.tisiaoutplacement.ch\/index.php?rest_route=\/wp\/v2\/pages\/10\/revisions"}],"predecessor-version":[{"id":520,"href":"https:\/\/www.tisiaoutplacement.ch\/index.php?rest_route=\/wp\/v2\/pages\/10\/revisions\/520"}],"wp:featuredmedia":[{"embeddable":true,"href":"https:\/\/www.tisiaoutplacement.ch\/index.php?rest_route=\/wp\/v2\/media\/503"}],"wp:attachment":[{"href":"https:\/\/www.tisiaoutplacement.ch\/index.php?rest_route=%2Fwp%2Fv2%2Fmedia&parent=10"}],"curies":[{"name":"wp","href":"https:\/\/api.w.org\/{rel}","templated":true}]}}